{"id":7,"date":"2020-03-06T16:10:45","date_gmt":"2020-03-06T15:10:45","guid":{"rendered":"http:\/\/polygonation.eu\/?page_id=7"},"modified":"2020-10-06T10:42:23","modified_gmt":"2020-10-06T08:42:23","slug":"polygonation-gambergee","status":"publish","type":"page","link":"https:\/\/polygonation.eu\/","title":{"rendered":"&#8230;"},"content":{"rendered":"\n<p class=\"has-text-align-center poly-boxedText\"><a href=\"#installation-fabien\" data-type=\"internal\" data-id=\"#installation-fabien\">Photographies de Fabien Legay<\/a><\/p>\n\n\n\n<figure class=\"wp-block-image size-medium is-resized openCloseMenu poly-boussole\"><img loading=\"lazy\" src=\"http:\/\/polygonation.eu\/wp-content\/uploads\/2020\/10\/boussole.svg\" alt=\"\" class=\"wp-image-1007\" width=\"50\" height=\"50\"\/><\/figure>\n\n\n\n<div style=\"height:100px\" aria-hidden=\"true\" class=\"wp-block-spacer\"><\/div>\n\n\n\n<div class=\"wp-block-cover has-background-dim\" style=\"background-color:#eaeff1\"><div class=\"wp-block-cover__inner-container\">\n<div style=\"height:100px\" aria-hidden=\"true\" class=\"wp-block-spacer\"><\/div>\n\n\n\n<p class=\"has-text-align-center poly-boxedText has-black-color has-text-color\" style=\"font-size:18px\">Une installation artistique reliant Charleville et Sedan par la Voie Verte dans le cadre du projet \u201cMeus\u2019art\u201d<\/p>\n\n\n\n<p class=\"poly-boxedText has-black-color has-text-color has-small-font-size\">Cette installation photographique n\u00e9e de l\u2019imaginaire de Fabien Legay a \u00e9t\u00e9 r\u00e9alis\u00e9e avec le concours du programme europ\u00e9en LEADER 2014-2022 &#8211; Liaisons Entre Actions de D\u00e9veloppement de l&#8217;Economie Rurale \u2013 anim\u00e9 \u00e0 l\u2019\u00e9chelle territoriale Ardenne M\u00e9tropole par le Groupe d\u2019Action locale Villes et Campagnes de la Communaut\u00e9 d\u2019Agglom\u00e9ration.<\/p>\n\n\n\n<figure class=\"wp-block-gallery columns-2 is-cropped poly-boxedText\"><ul class=\"blocks-gallery-grid\"><li class=\"blocks-gallery-item\"><figure><img loading=\"lazy\" width=\"2368\" height=\"1389\" src=\"http:\/\/polygonation.eu\/wp-content\/uploads\/2020\/10\/logo-ue-feader-2.jpg\" alt=\"\" data-id=\"1027\" data-full-url=\"http:\/\/polygonation.eu\/wp-content\/uploads\/2020\/10\/logo-ue-feader-2.jpg\" data-link=\"http:\/\/polygonation.eu\/index.php\/polygonation-gambergee\/logo-ue-feader-2\/\" class=\"wp-image-1027\" srcset=\"https:\/\/polygonation.eu\/wp-content\/uploads\/2020\/10\/logo-ue-feader-2.jpg 2368w, https:\/\/polygonation.eu\/wp-content\/uploads\/2020\/10\/logo-ue-feader-2-300x176.jpg 300w, https:\/\/polygonation.eu\/wp-content\/uploads\/2020\/10\/logo-ue-feader-2-1875x1100.jpg 1875w, https:\/\/polygonation.eu\/wp-content\/uploads\/2020\/10\/logo-ue-feader-2-768x450.jpg 768w, https:\/\/polygonation.eu\/wp-content\/uploads\/2020\/10\/logo-ue-feader-2-1536x901.jpg 1536w, https:\/\/polygonation.eu\/wp-content\/uploads\/2020\/10\/logo-ue-feader-2-2048x1201.jpg 2048w, https:\/\/polygonation.eu\/wp-content\/uploads\/2020\/10\/logo-ue-feader-2-1140x669.jpg 1140w\" sizes=\"(max-width: 2368px) 100vw, 2368px\" \/><\/figure><\/li><li class=\"blocks-gallery-item\"><figure><img loading=\"lazy\" width=\"1163\" height=\"1150\" src=\"http:\/\/polygonation.eu\/wp-content\/uploads\/2020\/10\/leader-hdprint-01-copie.jpg\" alt=\"\" data-id=\"1024\" data-full-url=\"http:\/\/polygonation.eu\/wp-content\/uploads\/2020\/10\/leader-hdprint-01-copie.jpg\" data-link=\"http:\/\/polygonation.eu\/index.php\/polygonation-gambergee\/leader-hdprint-01-copie\/\" class=\"wp-image-1024\" srcset=\"https:\/\/polygonation.eu\/wp-content\/uploads\/2020\/10\/leader-hdprint-01-copie.jpg 1163w, https:\/\/polygonation.eu\/wp-content\/uploads\/2020\/10\/leader-hdprint-01-copie-300x297.jpg 300w, https:\/\/polygonation.eu\/wp-content\/uploads\/2020\/10\/leader-hdprint-01-copie-1112x1100.jpg 1112w, https:\/\/polygonation.eu\/wp-content\/uploads\/2020\/10\/leader-hdprint-01-copie-768x759.jpg 768w, https:\/\/polygonation.eu\/wp-content\/uploads\/2020\/10\/leader-hdprint-01-copie-1140x1127.jpg 1140w, https:\/\/polygonation.eu\/wp-content\/uploads\/2020\/10\/leader-hdprint-01-copie-75x75.jpg 75w\" sizes=\"(max-width: 1163px) 100vw, 1163px\" \/><\/figure><\/li><\/ul><\/figure>\n\n\n\n<p class=\"has-text-align-center has-black-color has-text-color has-small-font-size\">FONDS EUROP\u00c9EN AGRICOLE POUR LE D\u00c9VELOPPEMENT RURAL :<br>L\u2019EUROPE INVESTIT DANS LES ZONES RURALES<\/p>\n\n\n\n<p class=\"poly-boxedText has-black-color has-text-color has-small-font-size\">Cette action r\u00e9alis\u00e9e dans le cadre d\u2019un projet artistique intitul\u00e9 Meus\u2019Art est \u00e0 l\u2019initiative de la Maison de la Culture et des Loisirs Ma Boh\u00e8me de Charleville-M\u00e9zi\u00e8res et de Maison des Jeunes et de la Culture de Sedan.<\/p>\n\n\n\n<p class=\"poly-boxedText has-black-color has-text-color has-small-font-size\"><\/p>\n<\/div><\/div>\n\n\n\n<div class=\"wp-block-group\"><div class=\"wp-block-group__inner-container\">\n<div class=\"wp-block-group\"><div class=\"wp-block-group__inner-container\"><\/div><\/div>\n<\/div><\/div>\n\n\n\n<div class=\"wp-block-cover has-background-dim-60 has-white-background-color has-background-dim has-parallax is-position-center-center\" style=\"background-image:url(http:\/\/polygonation.eu\/wp-content\/uploads\/2020\/09\/polymap.svg);min-height:340px\"><div class=\"wp-block-cover__inner-container\">\n<h2 class=\"poly-boxedText has-black-color has-text-color has-medium-font-size\"><\/h2>\n<\/div><\/div>\n\n\n\n<div class=\"wp-block-group alignfull\"><div class=\"wp-block-group__inner-container\"><\/div><\/div>\n\n\n\n<div class=\"wp-block-group alignfull\"><div class=\"wp-block-group__inner-container\">\n<div class=\"wp-block-cover alignfull has-background-dim\" style=\"background-color:#eff3f4\" id=\"installation-fabien\"><div class=\"wp-block-cover__inner-container\">\n<div class=\"wp-block-columns\">\n<div class=\"wp-block-column\" style=\"flex-basis:50%\">\n<div style=\"height:100px\" aria-hidden=\"true\" class=\"wp-block-spacer\"><\/div>\n\n\n\n<p class=\"poly-boxedText has-text-color has-large-font-size\" style=\"color:#ff6e70\"><strong>Polygonation gamberg\u00e9e<\/strong><\/p>\n\n\n\n<p class=\"poly-boxedText has-black-color has-text-color\">Le photographe Fabien Legay a navigu\u00e9 sur la Meuse durant tout l\u2019\u00e9t\u00e9 2020 \u00e0 bord de son \u201cbateau-atelier\u201d Mal\u00f6, voilier Su\u00e9dois de 1977, am\u00e9nag\u00e9 pour l\u2019occasion en atelier d\u2019artiste.<br>De cette d\u00e9ambulation au fil du fleuve, il a ramen\u00e9 des images qui d\u00e9peignent une r\u00e9alit\u00e9 suspendue \u00e0 une p\u00e9riode particuli\u00e8re \u2013 l\u2019\u00e9t\u00e9 o\u00f9 le temps n\u2019est plus vraiment comptabilis\u00e9 selon la m\u00eame \u00e9chelle que durant les autres saisons \u2013 et \u00e0 un rythme particulier \u2013 celui du fleuve auquel il faut accepter de s\u2019abandonner \u00e0 bord d\u2019un voilier dont la vitesse moyenne a \u00e9t\u00e9 de sept noeuds.<br>Les photographies r\u00e9alis\u00e9es entre Villers-Semeuse, les Ayvelles, Lumes, Nouvion-sur-Meuse, Donchery r\u00e9sonnent comme autant de preuves du lien \u00e9troit qui unit l\u2019homme au fleuve.<br>Pour r\u00e9aliser ce travail, Fabien Legay a utilis\u00e9 une chambre photographique 4&#215;5 inch argentique et de vieux films instantan\u00e9s FUJI, depuis longtemps introuvables dans le commerce, chin\u00e9s patiemment aupr\u00e8s de passionn\u00e9s au Japon, en Allemagne ou en Angleterre.<br>Ce choix d\u2019une technique n\u00e9cessitant des temps de pose tr\u00e8s longs, captive de l\u2019impr\u00e9vu qui peut survenir durant la prise de vue fait \u00e9cho au rythme lent de la d\u00e9ambulation du voilier sur le fleuve.<\/p>\n\n\n\n<p><\/p>\n<\/div>\n\n\n\n<div class=\"wp-block-column\" style=\"flex-basis:50%\">\n<div class=\"wp-block-image poly-homePicture\"><figure class=\"alignright size-full\"><img loading=\"lazy\" width=\"948\" height=\"748\" src=\"http:\/\/polygonation.eu\/wp-content\/uploads\/2020\/10\/malo.jpg\" alt=\"\" class=\"wp-image-954\" srcset=\"https:\/\/polygonation.eu\/wp-content\/uploads\/2020\/10\/malo.jpg 948w, https:\/\/polygonation.eu\/wp-content\/uploads\/2020\/10\/malo-300x237.jpg 300w, https:\/\/polygonation.eu\/wp-content\/uploads\/2020\/10\/malo-768x606.jpg 768w\" sizes=\"(max-width: 948px) 100vw, 948px\" \/><\/figure><\/div>\n<\/div>\n<\/div>\n\n\n\n<div class=\"wp-block-columns\">\n<div class=\"wp-block-column\" style=\"flex-basis:50%\">\n<div class=\"wp-block-image\"><figure class=\"alignleft size-large\"><img loading=\"lazy\" width=\"674\" height=\"758\" src=\"http:\/\/polygonation.eu\/wp-content\/uploads\/2020\/10\/pola.jpg\" alt=\"films instantan\u00e9s FUJI\" class=\"wp-image-961\" srcset=\"https:\/\/polygonation.eu\/wp-content\/uploads\/2020\/10\/pola.jpg 674w, https:\/\/polygonation.eu\/wp-content\/uploads\/2020\/10\/pola-267x300.jpg 267w\" sizes=\"(max-width: 674px) 100vw, 674px\" \/><\/figure><\/div>\n<\/div>\n\n\n\n<div class=\"wp-block-column\" style=\"flex-basis:50%\">\n<p class=\"poly-boxedText has-black-color has-text-color\">L\u2019usage de films FUJI hors d\u2019\u00e2ge permet des aberrations chromatiques et un apport de mati\u00e8res brutes sur le tirage (champignons, t\u00e2ches de chimie) qui renforcent un peu plus l\u2019impression d\u2019un voyage surann\u00e9, hors du temps. D\u2019un voyage po\u00e9tique et subjectif dans l\u2019imaginaire d\u2019un artiste pour qui le fleuve est une source d\u2019inspiration intarissable depuis de longues ann\u00e9es.<br>En filigrane, ce choix de l\u2019argentique porte aussi un message plus engag\u00e9 en faveur d\u2019une technique photographique garante d\u2019un savoir faire artisanal et d\u2019une approche m\u00fbrie, raisonn\u00e9e, durable. Une approche qui vient en contrepied total du tout-num\u00e9rique qui p\u00e9rime les images avant m\u00eame qu\u2019elles ne soient montr\u00e9es.<\/p>\n\n\n\n<p class=\"poly-boxedText has-black-color has-text-color has-small-font-size\">Fabien Legay remercie,<br>Eric Guglielmi et Franck Arnault photographe<br>Vincent Frasiak vid\u00e9aste<br>Les transports Broyer Fr\u00e8res<br>Un grand merci \u00e0 Jeff et Christophe Destrebecq<\/p>\n<\/div>\n<\/div>\n<\/div><\/div>\n<\/div><\/div>\n\n\n\n<figure class=\"wp-block-gallery alignfull columns-5  poly-logo\"><ul class=\"blocks-gallery-grid\"><li class=\"blocks-gallery-item\"><figure><img loading=\"lazy\" width=\"1024\" height=\"893\" src=\"http:\/\/polygonation.eu\/wp-content\/uploads\/2020\/07\/logo-mcl-1024x893.jpg\" alt=\"\" data-id=\"28\" class=\"wp-image-28\" srcset=\"https:\/\/polygonation.eu\/wp-content\/uploads\/2020\/07\/logo-mcl-1024x893.jpg 1024w, https:\/\/polygonation.eu\/wp-content\/uploads\/2020\/07\/logo-mcl-300x262.jpg 300w, https:\/\/polygonation.eu\/wp-content\/uploads\/2020\/07\/logo-mcl-768x670.jpg 768w, https:\/\/polygonation.eu\/wp-content\/uploads\/2020\/07\/logo-mcl-1536x1339.jpg 1536w, https:\/\/polygonation.eu\/wp-content\/uploads\/2020\/07\/logo-mcl-1568x1367.jpg 1568w, https:\/\/polygonation.eu\/wp-content\/uploads\/2020\/07\/logo-mcl.jpg 2000w\" sizes=\"(max-width: 1024px) 100vw, 1024px\" \/><\/figure><\/li><li class=\"blocks-gallery-item\"><figure><img loading=\"lazy\" width=\"1024\" height=\"285\" src=\"http:\/\/polygonation.eu\/wp-content\/uploads\/2020\/07\/LOGO-Quadri-1024x285.jpg\" alt=\"\" data-id=\"29\" data-link=\"http:\/\/polygonation.eu\/index.php\/polygonation-gambergee\/logo-quadri\/\" class=\"wp-image-29\" srcset=\"https:\/\/polygonation.eu\/wp-content\/uploads\/2020\/07\/LOGO-Quadri-1024x285.jpg 1024w, https:\/\/polygonation.eu\/wp-content\/uploads\/2020\/07\/LOGO-Quadri-300x83.jpg 300w, https:\/\/polygonation.eu\/wp-content\/uploads\/2020\/07\/LOGO-Quadri-768x213.jpg 768w, https:\/\/polygonation.eu\/wp-content\/uploads\/2020\/07\/LOGO-Quadri-1536x427.jpg 1536w, https:\/\/polygonation.eu\/wp-content\/uploads\/2020\/07\/LOGO-Quadri-2048x569.jpg 2048w, https:\/\/polygonation.eu\/wp-content\/uploads\/2020\/07\/LOGO-Quadri-1568x436.jpg 1568w\" sizes=\"(max-width: 1024px) 100vw, 1024px\" \/><\/figure><\/li><li class=\"blocks-gallery-item\"><figure><img loading=\"lazy\" width=\"1024\" height=\"569\" src=\"http:\/\/polygonation.eu\/wp-content\/uploads\/2020\/07\/1200px-Logo_D\u00e9partement_Ardennes_2015.svg_-1024x569.png\" alt=\"\" data-id=\"36\" data-full-url=\"http:\/\/polygonation.eu\/wp-content\/uploads\/2020\/07\/1200px-Logo_D\u00e9partement_Ardennes_2015.svg_.png\" data-link=\"http:\/\/polygonation.eu\/index.php\/polygonation-gambergee\/1200px-logo_departement_ardennes_2015-svg_\/\" class=\"wp-image-36\" srcset=\"https:\/\/polygonation.eu\/wp-content\/uploads\/2020\/07\/1200px-Logo_D\u00e9partement_Ardennes_2015.svg_-1024x569.png 1024w, https:\/\/polygonation.eu\/wp-content\/uploads\/2020\/07\/1200px-Logo_D\u00e9partement_Ardennes_2015.svg_-300x167.png 300w, https:\/\/polygonation.eu\/wp-content\/uploads\/2020\/07\/1200px-Logo_D\u00e9partement_Ardennes_2015.svg_-768x427.png 768w, https:\/\/polygonation.eu\/wp-content\/uploads\/2020\/07\/1200px-Logo_D\u00e9partement_Ardennes_2015.svg_.png 1200w\" sizes=\"(max-width: 1024px) 100vw, 1024px\" \/><\/figure><\/li><li class=\"blocks-gallery-item\"><figure><img loading=\"lazy\" width=\"300\" height=\"230\" src=\"http:\/\/polygonation.eu\/wp-content\/uploads\/2020\/07\/paysage_1550490.jpg\" alt=\"\" data-id=\"30\" data-link=\"http:\/\/polygonation.eu\/index.php\/polygonation-gambergee\/paysage_1550490\/\" class=\"wp-image-30\"\/><\/figure><\/li><li class=\"blocks-gallery-item\"><figure><img loading=\"lazy\" width=\"148\" height=\"144\" src=\"http:\/\/polygonation.eu\/wp-content\/uploads\/2020\/07\/Leader.jpg\" alt=\"\" data-id=\"31\" data-link=\"http:\/\/polygonation.eu\/index.php\/polygonation-gambergee\/leader\/\" class=\"wp-image-31\"\/><\/figure><\/li><li class=\"blocks-gallery-item\"><figure><img loading=\"lazy\" width=\"407\" height=\"124\" src=\"http:\/\/polygonation.eu\/wp-content\/uploads\/2020\/07\/Logo-Grand-Est.png\" alt=\"\" data-id=\"32\" data-link=\"http:\/\/polygonation.eu\/index.php\/polygonation-gambergee\/logo-grand-est\/\" class=\"wp-image-32\" srcset=\"https:\/\/polygonation.eu\/wp-content\/uploads\/2020\/07\/Logo-Grand-Est.png 407w, https:\/\/polygonation.eu\/wp-content\/uploads\/2020\/07\/Logo-Grand-Est-300x91.png 300w\" sizes=\"(max-width: 407px) 100vw, 407px\" \/><\/figure><\/li><li class=\"blocks-gallery-item\"><figure><img loading=\"lazy\" width=\"797\" height=\"1024\" src=\"http:\/\/polygonation.eu\/wp-content\/uploads\/2020\/07\/MarianneMC2017-797x1024.jpg\" alt=\"\" data-id=\"33\" data-link=\"http:\/\/polygonation.eu\/index.php\/polygonation-gambergee\/mc-logotype-couleur-copie\/\" class=\"wp-image-33\" srcset=\"https:\/\/polygonation.eu\/wp-content\/uploads\/2020\/07\/MarianneMC2017-797x1024.jpg 797w, https:\/\/polygonation.eu\/wp-content\/uploads\/2020\/07\/MarianneMC2017-233x300.jpg 233w, https:\/\/polygonation.eu\/wp-content\/uploads\/2020\/07\/MarianneMC2017-768x987.jpg 768w, https:\/\/polygonation.eu\/wp-content\/uploads\/2020\/07\/MarianneMC2017.jpg 827w\" sizes=\"(max-width: 797px) 100vw, 797px\" \/><\/figure><\/li><li class=\"blocks-gallery-item\"><figure><img loading=\"lazy\" width=\"192\" height=\"137\" src=\"http:\/\/polygonation.eu\/wp-content\/uploads\/2020\/07\/logo-ue-feader-web-1.jpg\" alt=\"\" data-id=\"34\" data-link=\"http:\/\/polygonation.eu\/index.php\/polygonation-gambergee\/logo-ue-feader-web-1\/\" class=\"wp-image-34\"\/><\/figure><\/li><li class=\"blocks-gallery-item\"><figure><img loading=\"lazy\" width=\"1024\" height=\"703\" src=\"http:\/\/polygonation.eu\/wp-content\/uploads\/2020\/07\/234007693_7-1024x703.png\" alt=\"\" data-id=\"35\" data-link=\"http:\/\/polygonation.eu\/index.php\/polygonation-gambergee\/234007693_7\/\" class=\"wp-image-35\" srcset=\"https:\/\/polygonation.eu\/wp-content\/uploads\/2020\/07\/234007693_7-1024x703.png 1024w, https:\/\/polygonation.eu\/wp-content\/uploads\/2020\/07\/234007693_7-300x206.png 300w, https:\/\/polygonation.eu\/wp-content\/uploads\/2020\/07\/234007693_7-768x527.png 768w, https:\/\/polygonation.eu\/wp-content\/uploads\/2020\/07\/234007693_7.png 1276w\" sizes=\"(max-width: 1024px) 100vw, 1024px\" \/><\/figure><\/li><\/ul><\/figure>\n","protected":false},"excerpt":{"rendered":"<p>Photographies de Fabien Legay<\/p>\n","protected":false},"author":1,"featured_media":0,"parent":0,"menu_order":0,"comment_status":"closed","ping_status":"closed","template":"","meta":{"inline_featured_image":false},"_links":{"self":[{"href":"https:\/\/polygonation.eu\/index.php\/wp-json\/wp\/v2\/pages\/7"}],"collection":[{"href":"https:\/\/polygonation.eu\/index.php\/wp-json\/wp\/v2\/pages"}],"about":[{"href":"https:\/\/polygonation.eu\/index.php\/wp-json\/wp\/v2\/types\/page"}],"author":[{"embeddable":true,"href":"https:\/\/polygonation.eu\/index.php\/wp-json\/wp\/v2\/users\/1"}],"replies":[{"embeddable":true,"href":"https:\/\/polygonation.eu\/index.php\/wp-json\/wp\/v2\/comments?post=7"}],"version-history":[{"count":63,"href":"https:\/\/polygonation.eu\/index.php\/wp-json\/wp\/v2\/pages\/7\/revisions"}],"predecessor-version":[{"id":1028,"href":"https:\/\/polygonation.eu\/index.php\/wp-json\/wp\/v2\/pages\/7\/revisions\/1028"}],"wp:attachment":[{"href":"https:\/\/polygonation.eu\/index.php\/wp-json\/wp\/v2\/media?parent=7"}],"curies":[{"name":"wp","href":"https:\/\/api.w.org\/{rel}","templated":true}]}}