{"id":391,"date":"2020-07-30T13:41:02","date_gmt":"2020-07-30T11:41:02","guid":{"rendered":"http:\/\/polygonation.eu\/?page_id=391"},"modified":"2020-07-31T03:19:19","modified_gmt":"2020-07-31T01:19:19","slug":"les-auteurs","status":"publish","type":"page","link":"https:\/\/polygonation.eu\/index.php\/les-auteurs\/","title":{"rendered":"Les auteurs"},"content":{"rendered":"\n<p class=\"has-text-color has-light-gray-color\"><strong>Fabien Legay ( Photographe \/ \u00e9diteur<\/strong> )<\/p>\n\n\n\n<figure class=\"wp-block-gallery alignleft columns-1 is-cropped\"><ul class=\"blocks-gallery-grid\"><li class=\"blocks-gallery-item\"><figure><img loading=\"lazy\" width=\"793\" height=\"1100\" src=\"http:\/\/polygonation.eu\/wp-content\/uploads\/2020\/07\/pola-fabien-793x1100.jpg\" alt=\"\" data-id=\"401\" data-full-url=\"http:\/\/polygonation.eu\/wp-content\/uploads\/2020\/07\/pola-fabien.jpg\" data-link=\"http:\/\/polygonation.eu\/index.php\/les-auteurs\/pola-fabien\/\" class=\"wp-image-401\" srcset=\"https:\/\/polygonation.eu\/wp-content\/uploads\/2020\/07\/pola-fabien-793x1100.jpg 793w, https:\/\/polygonation.eu\/wp-content\/uploads\/2020\/07\/pola-fabien-216x300.jpg 216w, https:\/\/polygonation.eu\/wp-content\/uploads\/2020\/07\/pola-fabien-768x1066.jpg 768w, https:\/\/polygonation.eu\/wp-content\/uploads\/2020\/07\/pola-fabien-1107x1536.jpg 1107w, https:\/\/polygonation.eu\/wp-content\/uploads\/2020\/07\/pola-fabien.jpg 1200w\" sizes=\"(max-width: 793px) 100vw, 793px\" \/><\/figure><\/li><\/ul><\/figure>\n\n\n\n<p><\/p>\n\n\n\n<p>Fabien Legay est n\u00e9 en 1972 \u00e0 Villers-Semeuse (Ardennes).<\/p>\n\n\n\n<p>Autodidacte, il est photographe\nind\u00e9pendant depuis 2006 et vie et travail \u00e0 Charleville-M\u00e9zi\u00e8res et en r\u00e9gion\nGrand Est. <\/p>\n\n\n\n<p>Fabien Legay exerce essentiellement\ndans le champ de la photographie documentaire. Pratiquant aussi bien le\nnum\u00e9rique que l\u2019argentique, la couleur que le noir et blanc, il privil\u00e9gie une\napproche sensible et humaniste de la photographie. Ses travaux les plus r\u00e9cents\nsont ax\u00e9s sur la Birmanie, pays o\u00f9 il \u00e0 s\u00e9journ\u00e9 r\u00e9guli\u00e8rement pendant 10 ans\net sur les Ardennes dont il est originaire.<\/p>\n\n\n\n<p>Il \u00e0 particip\u00e9 \u00e0 plusieurs expositions individuelles et collectives dans des mus\u00e9es nationaux en France et en Belgique notamment ; Mus\u00e9e Arthur Rimbaud et mus\u00e9e de l\u2019Ardenne de Charleville-M\u00e9zi\u00e8res, Villa Way-Side mus\u00e9e du Touquet, mus\u00e9e Opale-Sud de Berck-sur Mer, mus\u00e9e d\u2019Art Moderne de Troyes ainsi qu\u2019au parlement Europ\u00e9en de Bruxelles. Il a \u00e9galement publi\u00e9 quatre livres aux \u00e9ditions Passage du Nord-Est, maison d\u2019\u00e9dition consacr\u00e9e \u00e0 la photographie et dont il est le co-fondateur  en 2008.<\/p>\n\n\n\n<p class=\"has-text-color has-light-gray-color\"><strong>Simon G\u00e9nin ( Graphiste<\/strong>)<\/p>\n\n\n\n<figure class=\"wp-block-gallery columns-1 is-cropped\"><ul class=\"blocks-gallery-grid\"><li class=\"blocks-gallery-item\"><figure><img loading=\"lazy\" width=\"1200\" height=\"900\" src=\"http:\/\/polygonation.eu\/wp-content\/uploads\/2020\/07\/auteur-simon-3.jpg\" alt=\"\" data-id=\"449\" data-full-url=\"http:\/\/polygonation.eu\/wp-content\/uploads\/2020\/07\/auteur-simon-3.jpg\" data-link=\"http:\/\/polygonation.eu\/index.php\/les-auteurs\/auteur-simon-3\/\" class=\"wp-image-449\" srcset=\"https:\/\/polygonation.eu\/wp-content\/uploads\/2020\/07\/auteur-simon-3.jpg 1200w, https:\/\/polygonation.eu\/wp-content\/uploads\/2020\/07\/auteur-simon-3-300x225.jpg 300w, https:\/\/polygonation.eu\/wp-content\/uploads\/2020\/07\/auteur-simon-3-768x576.jpg 768w\" sizes=\"(max-width: 1200px) 100vw, 1200px\" \/><\/figure><\/li><\/ul><\/figure>\n\n\n\n<p>                                                                                                 N\u00e9 en 1982 \u00e0 Villers-Semeuse, Simon G\u00e9nin est actuellement graphiste ind\u00e9pendant bas\u00e9 \u00e0 charleville-M\u00e9zi\u00e8res.<\/p>\n\n\n\n<p class=\"has-text-align-left\">Diplom\u00e9 de l&#8217;Ecole Internationale de Design de Toulon, en 2006 en tant que concepteur disigner graphique. Il est cofondateur de l&#8217;agence de communication Un Z\u00e9ro Un en 2016.<\/p>\n","protected":false},"excerpt":{"rendered":"<p>Fabien Legay ( Photographe \/ \u00e9diteur ) Fabien Legay est n\u00e9 en 1972 \u00e0 Villers-Semeuse (Ardennes). Autodidacte, il est photographe ind\u00e9pendant depuis 2006 et vie et travail \u00e0 Charleville-M\u00e9zi\u00e8res et en r\u00e9gion Grand Est. Fabien Legay exerce essentiellement dans le champ de la photographie documentaire. Pratiquant aussi bien le num\u00e9rique que l\u2019argentique, la couleur que le noir et blanc, il privil\u00e9gie une approche sensible et humaniste de la photographie. Ses travaux les plus r\u00e9cents sont ax\u00e9s sur la Birmanie, pays o\u00f9 il \u00e0 s\u00e9journ\u00e9 r\u00e9guli\u00e8rement pendant 10 ans et sur les Ardennes dont il est originaire. Il \u00e0 particip\u00e9 \u00e0 plusieurs expositions individuelles et collectives dans des mus\u00e9es nationaux en France et en Belgique notamment ; Mus\u00e9e Arthur Rimbaud et mus\u00e9e de l\u2019Ardenne de Charleville-M\u00e9zi\u00e8res, Villa Way-Side mus\u00e9e du Touquet, mus\u00e9e Opale-Sud de Berck-sur Mer, mus\u00e9e d\u2019Art Moderne de Troyes ainsi qu\u2019au parlement Europ\u00e9en de Bruxelles. Il a \u00e9galement publi\u00e9 quatre livres aux \u00e9ditions Passage du Nord-Est, maison d\u2019\u00e9dition consacr\u00e9e \u00e0 la photographie et dont il est le co-fondateur en 2008. Simon G\u00e9nin ( Graphiste) N\u00e9 en 1982 \u00e0 Villers-Semeuse, Simon G\u00e9nin est actuellement graphiste ind\u00e9pendant bas\u00e9 \u00e0 charleville-M\u00e9zi\u00e8res. Diplom\u00e9 de l&#8217;Ecole Internationale de Design de Toulon, en 2006 en tant que concepteur disigner graphique. Il est cofondateur de l&#8217;agence de communication Un Z\u00e9ro Un en 2016.<\/p>\n","protected":false},"author":2,"featured_media":0,"parent":0,"menu_order":0,"comment_status":"closed","ping_status":"closed","template":"","meta":{"inline_featured_image":false},"_links":{"self":[{"href":"https:\/\/polygonation.eu\/index.php\/wp-json\/wp\/v2\/pages\/391"}],"collection":[{"href":"https:\/\/polygonation.eu\/index.php\/wp-json\/wp\/v2\/pages"}],"about":[{"href":"https:\/\/polygonation.eu\/index.php\/wp-json\/wp\/v2\/types\/page"}],"author":[{"embeddable":true,"href":"https:\/\/polygonation.eu\/index.php\/wp-json\/wp\/v2\/users\/2"}],"replies":[{"embeddable":true,"href":"https:\/\/polygonation.eu\/index.php\/wp-json\/wp\/v2\/comments?post=391"}],"version-history":[{"count":20,"href":"https:\/\/polygonation.eu\/index.php\/wp-json\/wp\/v2\/pages\/391\/revisions"}],"predecessor-version":[{"id":459,"href":"https:\/\/polygonation.eu\/index.php\/wp-json\/wp\/v2\/pages\/391\/revisions\/459"}],"wp:attachment":[{"href":"https:\/\/polygonation.eu\/index.php\/wp-json\/wp\/v2\/media?parent=391"}],"curies":[{"name":"wp","href":"https:\/\/api.w.org\/{rel}","templated":true}]}}